{"id":3642,"date":"2018-01-10T15:51:53","date_gmt":"2018-01-10T15:51:53","guid":{"rendered":"https:\/\/loitz.at\/?page_id=3642"},"modified":"2026-03-06T11:45:17","modified_gmt":"2026-03-06T10:45:17","slug":"technik","status":"publish","type":"page","link":"https:\/\/www.loitz.at\/motorrad\/technik\/","title":{"rendered":"Technik"},"content":{"rendered":"\n<div class=\"wp-block-group is-content-justification-space-between is-nowrap is-layout-flex wp-container-core-group-is-layout-cb46ffcb wp-block-group-is-layout-flex\">\n<div class=\"wp-block-cover alignleft is-light\" style=\"border-style:none;border-width:0px;border-radius:0px;padding-top:0;padding-bottom:0;font-size:5em;min-height:600px;aspect-ratio:unset;\"><img loading=\"lazy\" decoding=\"async\" width=\"768\" height=\"1024\" class=\"wp-block-cover__image-background wp-image-79907 size-large\" alt=\"\" src=\"https:\/\/www.loitz.at\/motorrad\/wp-content\/uploads\/sites\/3\/2026\/03\/Flo_statt_Pierre-768x1024.jpg\" data-object-fit=\"cover\" srcset=\"https:\/\/www.loitz.at\/motorrad\/wp-content\/uploads\/sites\/3\/2026\/03\/Flo_statt_Pierre-768x1024.jpg 768w, https:\/\/www.loitz.at\/motorrad\/wp-content\/uploads\/sites\/3\/2026\/03\/Flo_statt_Pierre-225x300.jpg 225w, https:\/\/www.loitz.at\/motorrad\/wp-content\/uploads\/sites\/3\/2026\/03\/Flo_statt_Pierre-1152x1536.jpg 1152w, https:\/\/www.loitz.at\/motorrad\/wp-content\/uploads\/sites\/3\/2026\/03\/Flo_statt_Pierre-rotated.jpg 1512w\" sizes=\"auto, (max-width: 768px) 100vw, 768px\" \/><span aria-hidden=\"true\" class=\"wp-block-cover__background has-background-dim-10 has-background-dim\" style=\"background-color:#8a847b\"><\/span><div class=\"wp-block-cover__inner-container is-layout-flow wp-container-core-cover-is-layout-92d440f1 wp-block-cover-is-layout-flow\">\n<div class=\"wp-block-buttons is-content-justification-center is-layout-flex wp-container-core-buttons-is-layout-a89b3969 wp-block-buttons-is-layout-flex\"><\/div>\n<\/div><\/div>\n\n\n\n<div class=\"wp-block-cover alignleft\" style=\"border-style:none;border-width:0px;font-size:50px;min-height:600px;aspect-ratio:unset;\"><img loading=\"lazy\" decoding=\"async\" width=\"768\" height=\"1024\" class=\"wp-block-cover__image-background wp-image-79880 size-large\" alt=\"\" src=\"https:\/\/www.loitz.at\/motorrad\/wp-content\/uploads\/sites\/3\/2026\/03\/Firmenfoto_Lager-768x1024.jpg\" data-object-fit=\"cover\" srcset=\"https:\/\/www.loitz.at\/motorrad\/wp-content\/uploads\/sites\/3\/2026\/03\/Firmenfoto_Lager-768x1024.jpg 768w, https:\/\/www.loitz.at\/motorrad\/wp-content\/uploads\/sites\/3\/2026\/03\/Firmenfoto_Lager-225x300.jpg 225w, https:\/\/www.loitz.at\/motorrad\/wp-content\/uploads\/sites\/3\/2026\/03\/Firmenfoto_Lager-1152x1536.jpg 1152w, https:\/\/www.loitz.at\/motorrad\/wp-content\/uploads\/sites\/3\/2026\/03\/Firmenfoto_Lager.jpg 1536w\" sizes=\"auto, (max-width: 768px) 100vw, 768px\" \/><span aria-hidden=\"true\" class=\"wp-block-cover__background has-background-dim-10 has-background-dim\" style=\"background-color:#7c7a78\"><\/span><div class=\"wp-block-cover__inner-container is-layout-flow wp-block-cover-is-layout-flow\">\n<h1 class=\"wp-block-heading has-text-align-center has-white-color has-text-color has-link-color wp-elements-e8d4cb55e7ec9831abd7740e9f76a23e\"><\/h1>\n\n\n\n<p class=\"has-text-align-center has-black-color has-text-color has-link-color has-large-font-size wp-elements-56e04596ead11225f42dfdac6f3d2513\"><\/p>\n\n\n\n<div class=\"wp-block-buttons is-content-justification-center is-layout-flex wp-container-core-buttons-is-layout-23a043ba wp-block-buttons-is-layout-flex\"><\/div>\n\n\n\n<p><\/p>\n<\/div><\/div>\n\n\n\n<div class=\"wp-block-cover alignleft is-light\" style=\"font-size:50px;min-height:600px;aspect-ratio:unset;\"><img loading=\"lazy\" decoding=\"async\" width=\"599\" height=\"800\" class=\"wp-block-cover__image-background wp-image-78479\" alt=\"\" src=\"https:\/\/www.loitz.at\/motorrad\/wp-content\/uploads\/sites\/3\/2024\/12\/Lager.png\" style=\"object-position:17% 50%\" data-object-fit=\"cover\" data-object-position=\"17% 50%\" srcset=\"https:\/\/www.loitz.at\/motorrad\/wp-content\/uploads\/sites\/3\/2024\/12\/Lager.png 599w, https:\/\/www.loitz.at\/motorrad\/wp-content\/uploads\/sites\/3\/2024\/12\/Lager-225x300.png 225w\" sizes=\"auto, (max-width: 599px) 100vw, 599px\" \/><span aria-hidden=\"true\" class=\"wp-block-cover__background has-background-dim-10 has-background-dim\"><\/span><div class=\"wp-block-cover__inner-container is-layout-flow wp-block-cover-is-layout-flow\">\n<h1 class=\"wp-block-heading has-text-align-center has-black-color has-text-color has-link-color wp-elements-0edb767f4398d9d628d0205a3340a4e8\"><\/h1>\n\n\n\n<p class=\"has-text-align-center has-black-color has-text-color has-link-color has-large-font-size wp-elements-56e04596ead11225f42dfdac6f3d2513\"><\/p>\n\n\n\n<div class=\"wp-block-buttons is-content-justification-center is-layout-flex wp-container-core-buttons-is-layout-a89b3969 wp-block-buttons-is-layout-flex\"><\/div>\n<\/div><\/div>\n<\/div>\n\n\n\n<div style=\"height:30px\" aria-hidden=\"true\" class=\"wp-block-spacer\"><\/div>\n\n\n\n<div class=\"wp-block-columns alignwide is-layout-flex wp-container-core-columns-is-layout-28f84493 wp-block-columns-is-layout-flex\">\n<div class=\"wp-block-column is-layout-flow wp-block-column-is-layout-flow\" style=\"padding-top:20px;padding-right:20px;padding-bottom:20px;padding-left:20px\">\n<h2 class=\"wp-block-heading\">Unsere TECHNIK Marken<\/h2>\n\n\n\n<p><strong>Z\u00fcndkerzen<\/strong>: NGK<br><strong>Antriebs\u00e4tze und Ketten<\/strong>: EK Chain<br><strong>Batterien<\/strong>: Koyo<br><strong>Ladeger\u00e4te<\/strong>: Optimate, Oxford<br><strong>Schl\u00f6sser<\/strong>: Oxford, R.Evolution<br><strong>Chopper und Customparts<\/strong>: Ledrie, Belo<br><strong>Windschilder und Scheiben<\/strong>: Givi, Ledrie, Puig<br><strong>Spiegel<\/strong>: Rizoma<br><strong>Miniblinker<\/strong>: Kellermann, Rizoma, TunR<br><strong>Kennzeichenhalter<\/strong>: Evotech, Rizoma<br><strong>Gep\u00e4ck<\/strong>: Kappa, Givi, Belo, Ixon<br><strong>Auspuffanlagen<\/strong>: Acrapovic, Laser, Sebring, Arrow, Remus<br><strong>Moped Tuning<\/strong>: TunR, Malossi, Stage6, LeoVinci<br><strong>Reifen<\/strong>: Michelin, Pirelli, Bridgestone, Metzeller, Dunlop<br><strong>\u00d6l und Schmiermittel<\/strong>: Valvoline, Castrol, PDL, HKS, Eurolin<\/p>\n<\/div>\n\n\n\n<div class=\"wp-block-column is-layout-flow wp-block-column-is-layout-flow\">\n<p><\/p>\n\n\n\n<h2 class=\"wp-block-heading\">RIZOMA<\/h2>\n\n\n\n<p>Angetrieben durch die vision\u00e4re Begeisterung ihrer Gr\u00fcnder wurde<br>die Firma Rizoma vor etwas mehr als 10 Jahren gegr\u00fcndet.<br>Ausgangspunkt war eine kleine Werkstatt am Rande von Mailand,<br>inzwischen ist Rizoma ein Weltmarktf\u00fchrer. Rizoma hat sich auf<br>dynamisches Design von au\u00dfergew\u00f6hnlichen Produkten nicht nur f\u00fcr<br>den Motorradmarkt spezialisiert.<\/p>\n\n\n\n<p>Die Produkte von Rizoma haben ein funktionelles Design und werden fast<br>ausschlie\u00dflich aus ganzen Aluminium Bl\u00f6cken gefertigt. Produkte von Rizoma<br>erhalten immer eine Kombination aus Leichtigkeit, Aerodynamik und Sch\u00f6nheit.<br>Ziel ist es \u201cBewegung eine Gestalt zu verleihen\u201d und dies ist die Designphilosopie<br>von Rizoma die als Eckpfeiler f\u00fcr \u201cCreated in Italy\u201d steht und auch beim aktuellen<br>Metropolitanbike erfahrbar ist.<\/p>\n<\/div>\n<\/div>\n\n\n\n<div class=\"wp-block-columns alignwide is-layout-flex wp-container-core-columns-is-layout-28f84493 wp-block-columns-is-layout-flex\">\n<div class=\"wp-block-column is-layout-flow wp-block-column-is-layout-flow\" style=\"padding-top:20px;padding-right:20px;padding-bottom:20px;padding-left:20px\">\n<div class=\"wp-block-essential-blocks-slider  root-eb-slider-2iw8c15\"><div class=\"eb-parent-wrapper eb-parent-eb-slider-2iw8c15 \"><div class=\"eb-slider-wrapper eb-slider-2iw8c15\" data-blockid=\"eb-slider-2iw8c15\" data-version=\"v4\" data-settings=\"eyJhcnJvd3MiOnRydWUsImFkYXB0aXZlSGVpZ2h0Ijp0cnVlLCJhdXRvcGxheSI6dHJ1ZSwiYXV0b3BsYXlTcGVlZCI6MzAwMCwiZG90cyI6dHJ1ZSwiZmFkZSI6ZmFsc2UsImluZmluaXRlIjp0cnVlLCJwYXVzZU9uSG92ZXIiOnRydWUsInNsaWRlc1RvU2hvdyI6MSwic3BlZWQiOjUwMCwidmVydGljYWwiOmZhbHNlLCJjdXJyZW50U2xpZGUiOjAsInJ0bCI6ZmFsc2UsInJlc3BvbnNpdmUiOlt7ImJyZWFrcG9pbnQiOjEwMjUsInNldHRpbmdzIjp7InNsaWRlc1RvU2hvdyI6MX19LHsiYnJlYWtwb2ludCI6NzY3LCJzZXR0aW5ncyI6eyJzbGlkZXNUb1Nob3ciOjF9fV19\" data-arrownexticon=\"fas fa-arrow-alt-circle-right\" data-arrowprevicon=\"fas fa-arrow-alt-circle-left\" data-lightbox=\"false\"><div class=\"eb-slider-init eb-slider-type-image\"><div class=\"eb-slider-item content-1\" data-src=\"https:\/\/www.loitz.at\/motorrad\/wp-content\/uploads\/sites\/3\/2025\/02\/1740662053838.jpg\"><div><img class=\"eb-slider-image\" data-lazy=\"https:\/\/www.loitz.at\/motorrad\/wp-content\/uploads\/sites\/3\/2025\/02\/1740662053838.jpg\" \/><\/div><\/div><div class=\"eb-slider-item content-1\" data-src=\"https:\/\/www.loitz.at\/motorrad\/wp-content\/uploads\/sites\/3\/2025\/02\/1740662053853.jpg\"><div><img class=\"eb-slider-image\" data-lazy=\"https:\/\/www.loitz.at\/motorrad\/wp-content\/uploads\/sites\/3\/2025\/02\/1740662053853.jpg\" \/><\/div><\/div><div class=\"eb-slider-item content-1\" data-src=\"https:\/\/www.loitz.at\/motorrad\/wp-content\/uploads\/sites\/3\/2025\/02\/1740662053858.jpg\"><div><img class=\"eb-slider-image\" data-lazy=\"https:\/\/www.loitz.at\/motorrad\/wp-content\/uploads\/sites\/3\/2025\/02\/1740662053858.jpg\" \/><\/div><\/div><div class=\"eb-slider-item content-1\" data-src=\"https:\/\/www.loitz.at\/motorrad\/wp-content\/uploads\/sites\/3\/2025\/02\/1740663028881.jpg\"><div><img class=\"eb-slider-image\" data-lazy=\"https:\/\/www.loitz.at\/motorrad\/wp-content\/uploads\/sites\/3\/2025\/02\/1740663028881.jpg\" \/><\/div><\/div><div class=\"eb-slider-item content-1\" data-src=\"https:\/\/www.loitz.at\/motorrad\/wp-content\/uploads\/sites\/3\/2025\/02\/1740664048585.jpg\"><div><img class=\"eb-slider-image\" data-lazy=\"https:\/\/www.loitz.at\/motorrad\/wp-content\/uploads\/sites\/3\/2025\/02\/1740664048585.jpg\" \/><\/div><\/div><\/div><\/div><\/div><\/div>\n<\/div>\n<\/div>\n\n\n\n<div style=\"height:30px\" aria-hidden=\"true\" class=\"wp-block-spacer\"><\/div>\n","protected":false},"excerpt":{"rendered":"<p>Unsere TECHNIK Marken Z\u00fcndkerzen: NGKAntriebs\u00e4tze und Ketten: EK ChainBatterien: KoyoLadeger\u00e4te: Optimate, OxfordSchl\u00f6sser: Oxford, R.EvolutionChopper und Customparts: Ledrie, BeloWindschilder und Scheiben: Givi, Ledrie, PuigSpiegel: RizomaMiniblinker: Kellermann, Rizoma, TunRKennzeichenhalter: Evotech, RizomaGep\u00e4ck: Kappa, Givi, Belo, IxonAuspuffanlagen: Acrapovic, Laser, Sebring, Arrow, RemusMoped Tuning: TunR, Malossi, Stage6, LeoVinciReifen: Michelin, Pirelli, Bridgestone, Metzeller, Dunlop\u00d6l und Schmiermittel: Valvoline, Castrol, PDL, HKS, Eurolin [&hellip;]<\/p>\n","protected":false},"author":1,"featured_media":0,"parent":0,"menu_order":0,"comment_status":"closed","ping_status":"closed","template":"","meta":{"_eb_attr":"","footnotes":""},"class_list":["post-3642","page","type-page","status-publish","hentry"],"aioseo_notices":[],"mb":[],"mfb_rest_fields":["title","aioseo_notices"],"_links":{"self":[{"href":"https:\/\/www.loitz.at\/motorrad\/wp-json\/wp\/v2\/pages\/3642","targetHints":{"allow":["GET"]}}],"collection":[{"href":"https:\/\/www.loitz.at\/motorrad\/wp-json\/wp\/v2\/pages"}],"about":[{"href":"https:\/\/www.loitz.at\/motorrad\/wp-json\/wp\/v2\/types\/page"}],"author":[{"embeddable":true,"href":"https:\/\/www.loitz.at\/motorrad\/wp-json\/wp\/v2\/users\/1"}],"replies":[{"embeddable":true,"href":"https:\/\/www.loitz.at\/motorrad\/wp-json\/wp\/v2\/comments?post=3642"}],"version-history":[{"count":38,"href":"https:\/\/www.loitz.at\/motorrad\/wp-json\/wp\/v2\/pages\/3642\/revisions"}],"predecessor-version":[{"id":79915,"href":"https:\/\/www.loitz.at\/motorrad\/wp-json\/wp\/v2\/pages\/3642\/revisions\/79915"}],"wp:attachment":[{"href":"https:\/\/www.loitz.at\/motorrad\/wp-json\/wp\/v2\/media?parent=3642"}],"curies":[{"name":"wp","href":"https:\/\/api.w.org\/{rel}","templated":true}]}}