{"id":3823,"date":"2018-02-14T13:45:27","date_gmt":"2018-02-14T12:45:27","guid":{"rendered":"https:\/\/loitz.at\/?page_id=3823"},"modified":"2023-12-02T16:02:22","modified_gmt":"2023-12-02T15:02:22","slug":"datenschutzerklaerung","status":"publish","type":"page","link":"https:\/\/www.loitz.at\/motorrad\/datenschutzerklaerung\/","title":{"rendered":"Datenschutzerkl\u00e4rung"},"content":{"rendered":"\n<div class=\"wp-block-cover alignfull\" style=\"min-height:65vh;aspect-ratio:unset;\"><span aria-hidden=\"true\" class=\"wp-block-cover__background has-background-dim-0 has-background-dim\"><\/span><img loading=\"lazy\" decoding=\"async\" width=\"3500\" height=\"1618\" class=\"wp-block-cover__image-background wp-image-3673\" alt=\"\" src=\"https:\/\/www.loitz.at\/motorrad\/wp-content\/uploads\/sites\/3\/2018\/01\/group-of-bikers-on-forest-highway.jpg\" data-object-fit=\"cover\" srcset=\"https:\/\/www.loitz.at\/motorrad\/wp-content\/uploads\/sites\/3\/2018\/01\/group-of-bikers-on-forest-highway.jpg 3500w, https:\/\/www.loitz.at\/motorrad\/wp-content\/uploads\/sites\/3\/2018\/01\/group-of-bikers-on-forest-highway-300x139.jpg 300w, https:\/\/www.loitz.at\/motorrad\/wp-content\/uploads\/sites\/3\/2018\/01\/group-of-bikers-on-forest-highway-768x355.jpg 768w, https:\/\/www.loitz.at\/motorrad\/wp-content\/uploads\/sites\/3\/2018\/01\/group-of-bikers-on-forest-highway-1024x473.jpg 1024w, https:\/\/www.loitz.at\/motorrad\/wp-content\/uploads\/sites\/3\/2018\/01\/group-of-bikers-on-forest-highway-418x193.jpg 418w\" sizes=\"auto, (max-width: 3500px) 100vw, 3500px\" \/><div class=\"wp-block-cover__inner-container is-layout-flow wp-block-cover-is-layout-flow\">\n<p class=\"has-text-align-center has-large-font-size\"><\/p>\n<\/div><\/div>\n\n\n\n<div style=\"height:30px\" aria-hidden=\"true\" class=\"wp-block-spacer\"><\/div>\n\n\n\n<h1 class=\"wp-block-heading\">Datenschutzerkl\u00e4rung<\/h1>\n\n\n\n<p>Wir freuen uns \u00fcber Ihr Interesse an unserer Website. Der Schutz Ihrer Privatsph\u00e4re ist f\u00fcr uns sehr wichtig. Nachstehend informieren wir Sie ausf\u00fchrlich \u00fcber den Umgang mit Ihren Daten.<\/p>\n\n\n\n<p><strong>Speicherung von Zugriffsdaten in Server-Logfiles<\/strong><br>Sie k\u00f6nnen unsere Webseiten besuchen, ohne Angaben zu Ihrer Person zu machen. Wir speichern lediglich Zugriffsdaten in sogenannten Server-Logfiles, wie z.B. den Namen der angeforderten Datei, Datum und Uhrzeit des Abrufs, \u00fcbertragene Datenmenge und den anfragenden Provider. Diese Daten werden ausschlie\u00dflich zur Sicherstellung eines st\u00f6rungsfreien Betriebs der Seite und zur Verbesserung unseres Angebots ausgewertet und erlauben uns keinen R\u00fcckschluss auf Ihre Person.<\/p>\n\n\n\n<p><strong>Datenerhebung und -verwendung zur Vertragsabwicklung und bei Er\u00f6ffnung eines Kundenkontos<\/strong><br>Wir erheben personenbezogene Daten, wenn Sie uns diese im Rahmen Ihrer Bestellung, bei einer Kontaktaufnahme mit uns (z.B. per Kontaktformular oder E-Mail) oder bei Er\u00f6ffnung eines Kundenkontos freiwillig mitteilen. Welche Daten erhoben werden, ist aus den jeweiligen Eingabeformularen ersichtlich. Wir verwenden die von ihnen mitgeteilten Daten zur Vertragsabwicklung und Bearbeitung Ihrer Anfragen. Nach vollst\u00e4ndiger Abwicklung des Vertrages oder L\u00f6schung Ihres Kundenkontos werden Ihre Daten f\u00fcr die weitere Verwendung gesperrt und nach Ablauf der steuer- und handelsrechtlichen Aufbewahrungsfristen gel\u00f6scht, sofern Sie nicht ausdr\u00fccklich in eine weitere Nutzung Ihrer Daten eingewilligt haben oder wir uns eine dar\u00fcber hinausgehende Datenverwendung vorbehalten, die gesetzlich erlaubt ist und \u00fcber die wir Sie nachstehend informieren. Die L\u00f6schung Ihres Kundenkontos ist jederzeit m\u00f6glich und kann entweder durch eine Nachricht an die unten beschriebene Kontaktm\u00f6glichkeit oder \u00fcber eine daf\u00fcr vorgesehene Funktion im Kundenkonto erfolgen.<\/p>\n\n\n\n<p><strong>Datenweitergabe zur Vertragserf\u00fcllung<\/strong><br>Zur Vertragserf\u00fcllung geben wir Ihre Daten an das mit der Lieferung beauftragten Versandunternehmen weiter, soweit dies zur Lieferung bestellter Waren erforderlich ist. Zur Abwicklung von Zahlungen geben wir die hierf\u00fcr erforderlichen Zahlungsdaten an das mit der Zahlung beauftragte Kreditinstitut und ggf. von uns beauftragte Zahlungsdienstleister weiter bzw. an den von Ihnen im Bestellprozess ausgew\u00e4hlten Zahlungsdienst.<\/p>\n\n\n\n<p><strong>Datenverwendung bei Anmeldung zum E-Mail-Newsletter<\/strong><br>Wenn Sie sich zu unserem Newsletter anmelden, verwenden wir die hierf\u00fcr erforderlichen oder gesondert von Ihnen mitgeteilten Daten, um Ihnen regelm\u00e4\u00dfig unseren E-Mail-Newsletter zuzusenden. Die Abmeldung vom Newsletter ist jederzeit m\u00f6glich und kann entweder durch eine Nachricht an die unten beschriebene Kontaktm\u00f6glichkeit oder \u00fcber einen daf\u00fcr vorgesehenen Link im Newsletter erfolgen.<\/p>\n\n\n\n<p><strong>Bonit\u00e4tspr\u00fcfung und Scoring bei Auswahl von Klarna als Zahlungsart<\/strong><br>Wenn Sie sich f\u00fcr Klarnas Zahlungsdienstleistungen Klarna Rechnung und Klarna Ratenkauf als Zahlungsoption entschieden haben, haben Sie eingewilligt, dass wir die f\u00fcr die Abwicklung des Rechnungskaufes und einer Identit\u00e4ts- und Bonit\u00e4tspr\u00fcfung notwendigen, folgenden personenbezogenen Daten wie Vor- und Nachname, Adresse, Geburtsdatum, Geschlecht, Email-Adresse, IP-Adresse, Telefonnummer sowie die f\u00fcr die Abwicklung des Rechnungskaufs notwendigen Daten, die im Zusammenhang mit der Bestellung stehen, wie die Anzahl der Artikel, Artikelnummer, Rechnungsbetrag und Steuern in Prozent, erhoben und an Klarna \u00fcbermittelt haben. Die \u00dcbermittelung dieser Daten erfolgt, damit Klarna zur Abwicklung Ihres Einkaufs mit der von Ihnen gew\u00fcnschten Rechnungsabwicklung eine Rechnung erstellen und eine Identit\u00e4ts- und Bonit\u00e4tspr\u00fcfung durchf\u00fchren kann. Dabei hat Klarna gem\u00e4\u00df dem Bundesdatenschutzgesetz ein berechtigtes Interesse an der \u00dcbermittlung der personenbezogenen Daten des K\u00e4ufers und ben\u00f6tigt diese, um bei Wirtschaftsauskunfteien zum Zwecke der Identit\u00e4ts- und Bonit\u00e4tspr\u00fcfung Auskunft einzuholen. In Deutschland k\u00f6nnen dies die folgenden Wirtschaftsauskunfteien sein:<\/p>\n\n\n\n<ul class=\"wp-block-list\">\n<li>Schufa Holding AG, Kormoranweg 5, 65203 Wiesbaden<\/li>\n\n\n\n<li>B\u00fcrgel Wirtschaftsinformationen GmbH &amp; Co. KG, Postfach 5001 66, 22701 Hamburg<\/li>\n\n\n\n<li>Creditreform Bremen Seddig KG, Contrescarpe 17, 28203 Bremen<\/li>\n\n\n\n<li>infoscore Consumer Data GmbH, Rheinstra\u00dfe 99, 76532 Baden-Baden<\/li>\n<\/ul>\n\n\n\n<p>Im Rahmen der Entscheidung \u00fcber die Begr\u00fcndung, Durchf\u00fchrung oder Beendigung des vertraglichen Verh\u00e4ltnisses erhebt und nutzt Klarna abgesehen von einer Adresspr\u00fcfung auch Informationen zu dem bisherigen Zahlungsverhalten des K\u00e4ufers sowie Wahrscheinlichkeitswerte zu diesem Verhalten in der Zukunft. Die Berechnung dieser Score-Werte durch Klarna wird auf Basis eines wissenschaftlich anerkannten mathematisch statistischen Verfahrens durchgef\u00fchrt. Dazu wird Klarna unter anderem auch Ihre Adressdaten benutzen. Sollte sich nach dieser Berechnung zeigen, dass Ihre Kreditw\u00fcrdigkeit nicht gegeben ist, wird Klarna Sie hier\u00fcber umgehend informieren.<\/p>\n\n\n\n<p>Widerruf der Verwendung von personenbezogenen Daten gegen\u00fcber Klarna<br>1. Sie k\u00f6nnen Ihre Einwilligung zur Verwendung der personenbezogenen Daten jederzeit gegen\u00fcber Klarna widerrufen. Jedoch bleibt Klarna gegebenenfalls weiterhin dazu berechtigt, die personenbezogenen Daten zu verarbeiten, zu nutzen und zu \u00fcbermitteln, insofern dies zur vertragsm\u00e4\u00dfigen Zahlungsabwicklung durch Klarnas Dienste notwendig ist, rechtlich vorgeschrieben ist, oder von einem Gericht oder einer Beh\u00f6rde gefordert wird.<br>2. Selbstverst\u00e4ndlich k\u00f6nnen Sie jederzeit Auskunft \u00fcber die von Klarna gespeicherten personenbezogenen Daten erhalten. Dieses Recht garantiert das Bundesdatenschutzgesetz. Sollten Sie als K\u00e4ufer dies w\u00fcnschen oder Klarna \u00c4nderungen bez\u00fcglich der gespeicherten Daten mitteilen wollen, so k\u00f6nnen Sie sich an Datenschutz@klarna.de wenden.<\/p>\n\n\n\n<p><strong>Verwendung von Cookies<\/strong><br>Um den Besuch unserer Website attraktiv zu gestalten und die Nutzung bestimmter Funktionen zu erm\u00f6glichen, verwenden wir auf verschiedenen Seiten sogenannte Cookies. Hierbei handelt es sich um kleine Textdateien, die auf Ihrem Endger\u00e4t gespeichert werden. Einige der von uns verwendeten Cookies werden nach Ende der Browser-Sitzung, also nach Schlie\u00dfen Ihres Browsers, wieder gel\u00f6scht (sog. Sitzungs-Cookies). Andere Cookies verbleiben auf Ihrem Endger\u00e4t und erm\u00f6glichen uns, Ihren Browser beim n\u00e4chsten Besuch wiederzuerkennen (persistente Cookies). Sie k\u00f6nnen Ihren Browser so einstellen, dass Sie \u00fcber das Setzen von Cookies informiert werden und einzeln \u00fcber deren Annahme entscheiden oder die Annahme von Cookies f\u00fcr bestimmte F\u00e4lle oder generell ausschlie\u00dfen. Bei der Nichtannahme von Cookies kann die Funktionalit\u00e4t unserer Website eingeschr\u00e4nkt sein.<\/p>\n\n\n\n<p><strong>Einsatz von Google Analytics zur Webanalyse<\/strong><br>Diese Website benutzt Google Analytics, einen Webanalysedienst der Google Inc. (www.google.de). Google Analytics verwendet sog. \u201eCookies\u201c, Textdateien, die auf Ihrem Computer gespeichert werden und die eine Analyse der Benutzung der Website durch Sie erm\u00f6glichen. Die durch den Cookie erzeugten Informationen \u00fcber Ihre Benutzung dieser Website werden in der Regel an einen Server von Google in den USA \u00fcbertragen und dort gespeichert. Im Falle der Aktivierung der IP-Anonymisierung auf dieser Webseite, wird Ihre IP-Adresse von Google jedoch innerhalb von Mitgliedstaaten der Europ\u00e4ischen Union oder in anderen Vertragsstaaten des Abkommens \u00fcber den Europ\u00e4ischen Wirtschaftsraum zuvor gek\u00fcrzt. Nur in Ausnahmef\u00e4llen wird die volle IP-Adresse an einen Server von Google in den USA \u00fcbertragen und dort gek\u00fcrzt. Die IP-Anonymisierung ist auf dieser Website aktiv. Im Auftrag des Betreibers dieser Website wird Google diese Informationen benutzen, um Ihre Nutzung der Website auszuwerten, um Reports \u00fcber die Websiteaktivit\u00e4ten zusammenzustellen und um weitere mit der Websitenutzung und der Internetnutzung verbundene Dienstleistungen gegen\u00fcber dem Websitebetreiber zu erbringen. Die im Rahmen von Google Analytics von Ihrem Browser \u00fcbermittelte IP-Adresse wird nicht mit anderen Daten von Google zusammengef\u00fchrt. Sie k\u00f6nnen die Speicherung der Cookies durch eine entsprechende Einstellung Ihrer Browser-Software verhindern; wir weisen Sie jedoch darauf hin, dass Sie in diesem Fall gegebenenfalls nicht s\u00e4mtliche Funktionen dieser Website vollumf\u00e4nglich werden nutzen k\u00f6nnen.<\/p>\n\n\n\n<p>Sie k\u00f6nnen dar\u00fcber hinaus die Erfassung der durch das Cookie erzeugten und auf Ihre Nutzung der Website bezogenen Daten (inkl. Ihrer IP-Adresse) an Google sowie die Verarbeitung dieser Daten durch Google verhindern, indem sie das unter dem folgenden Link verf\u00fcgbare Browser-Plugin herunterladen und installieren: http:\/\/tools.google.com\/dlpage\/gaoptout?hl=de<br>Alternativ zum Browser-Plugin k\u00f6nnen Sie &lt;a href=\u201d\u201d javascript:gaOptout()\u201d\u201d&gt;diesen Link&lt;\/a&gt; klicken, um die Erfassung durch Google Analytics auf dieser Website zuk\u00fcnftig zu verhindern. Dabei wird ein Opt-Out-Cookie auf Ihrem Endger\u00e4t abgelegt. L\u00f6schen Sie Ihre Cookies, m\u00fcssen Sie den Link erneut klicken.<\/p>\n\n\n\n<p><strong>Verwendung von Social Plugins von Facebook, Google+, Twitter unter Verwendung der \u201e2-Klick-L\u00f6sung<\/strong><br>Auf unserer Website werden sogenannte Social Plugins (\u201ePlugins\u201c) der sozialen Netzwerke Facebook und Google+ und des Mikroblogging-Dienstes Twitter verwendet. Diese Dienste werden von den Unternehmen Facebook Inc., Google Inc. und Twitter Inc. angeboten (\u201eAnbieter\u201c).<\/p>\n\n\n\n<p>Facebook wird betrieben von der Facebook Inc., 1601 S. California Ave, Palo Alto, CA 94304, USA (\u201cFacebook\u201d). Eine \u00dcbersicht \u00fcber die Plugins von Facebook und deren Aussehen finden Sie hier: https:\/\/developers.facebook.com\/docs\/plugins\/<br>Google+ wird betrieben von der Google Inc., 1600 Amphitheatre Parkway, Mountain View, CA 94043, USA (\u201eGoogle\u201c). Eine \u00dcbersicht \u00fcber die Plugins von Google und deren Aussehen finden Sie hier: https:\/\/developers.google.com\/+\/web\/<br>Twitter wird betrieben von der Twitter Inc., 1355 Market St, Suite 900, San Francisco, CA 94103. Eine \u00dcbersicht \u00fcber die Twitter-Buttons und deren Aussehen finden Sie hier: https:\/\/twitter.com\/about\/resources\/buttons<\/p>\n\n\n\n<p>Um den Schutz Ihrer Daten beim Besuch unserer Website zu erh\u00f6hen, sind die Plugins mittels sogenannter \u201e2-Klick-L\u00f6sung\u201c von in die Seite eingebunden. Diese Einbindung gew\u00e4hrleistet, dass beim Aufruf einer Seite unseres Webauftritts, die solche Plugins enth\u00e4lt, noch keine Verbindung mit den Servern von Facebook, Google und Twitter hergestellt wird. Erst wenn Sie die Plugins aktivieren und damit Ihre Zustimmung zur Daten\u00fcbermittlung erteilen, stellt Ihr Browser eine direkte Verbindung zu den Servern von Google, Facebook oder Twitter her. Der Inhalt des jeweiligen Plugins wird dann vom zugeh\u00f6rigen Anbieter direkt an Ihren Browser \u00fcbermittelt und in die Seite eingebunden. Durch die Einbindung der Plugins erhalten die Anbieter die Information, dass Ihr Browser die entsprechende Seite unseres Webauftritts aufgerufen hat, auch wenn Sie kein Profil bei dem entsprechenden Anbieter besitzen oder gerade nicht eingeloggt sind. Diese Information (einschlie\u00dflich Ihrer IP-Adresse) wird von Ihrem Browser direkt an einen Server des jeweiligen Anbieters in die USA \u00fcbermittelt und dort gespeichert. Wenn Sie mit den Plugins interagieren, zum Beispiel den \u201eGef\u00e4llt mir\u201c- den \u201e+1\u201c- oder den \u201eTwittern\u201c-Button bet\u00e4tigen, wird die entsprechende Information ebenfalls direkt an einen Server der Anbieter \u00fcbermittelt und dort gespeichert. Die Informationen werden au\u00dferdem in dem sozialen Netzwerk bzw. auf Ihrem Twitter-Account ver\u00f6ffentlicht und dort Ihren Kontakten angezeigt.<\/p>\n\n\n\n<p>Zweck und Umfang der Datenerhebung und die weitere Verarbeitung und Nutzung der Daten durch die Anbieter sowie Ihre diesbez\u00fcglichen Rechte und Einstellungsm\u00f6glichkeiten zum Schutz Ihrer Privatsph\u00e4re entnehmen Sie bitte den Datenschutzhinweisen der Anbieter.<\/p>\n\n\n\n<p>Datenschutzhinweise von Facebook: http:\/\/www.facebook.com\/policy.php<br>Datenschutzhinweise von Google: http:\/\/www.google.com\/intl\/de\/+\/policy\/+1button.html<br>Datenschutzhinweise von Twitter: https:\/\/twitter.com\/privacy<\/p>\n\n\n\n<p><strong>Verwendung von AddThis Plugins (z.B. \u201eShare\u201c-Button)&nbsp;<\/strong><br>Auf unserer Website werden sogenannte Social Plugins (\u201ePlugins\u201c) des Bookmarking-Dienstes AddThis verwendet, der von der AddThis LLC, Inc. 8000 Westpark Drive, Suite 625, McLean, VA 2210, USA (\u201eAddThis\u201c) betrieben wird. Die Plugins sind meist mit einem AddThis-Logo beispielsweise in Form eines wei\u00dfen Pluszeichens auf orangefarbenen Grund gekennzeichnet. Eine \u00dcbersicht \u00fcber die AddThis Plugins und deren Aussehen finden Sie hier: https:\/\/www.addthis.com\/get\/sharing<\/p>\n\n\n\n<p>Wenn Sie eine Seite unseres Webauftritts aufrufen, die ein solches Plugin enth\u00e4lt, stellt Ihr Browser eine direkte Verbindung zu den Servern von AddThis her. Der Inhalt des Plugins wird von AddThis direkt an Ihren Browser \u00fcbermittelt und in die Seite eingebunden. Durch die Einbindung erh\u00e4lt AddThis die Information, dass Ihr Browser die entsprechende Seite unseres Webauftritts aufgerufen hat und speichert zur Identifikation Ihres Browsers ein Cookie auf Ihrem Endger\u00e4t. Diese Information (einschlie\u00dflich Ihrer IP-Adresse) wird von Ihrem Browser direkt an einen Server von AddThis in die USA \u00fcbermittelt und dort gespeichert. AddThis verwendet die Daten zur Erstellung anonymisierter Nutzerprofile, die als Grundlage f\u00fcr eine personalisierte und interessenbezogene Werbeansprache der Besucher von Internetseiten mit AddThis-Plugins dient.<\/p>\n\n\n\n<p>Zweck und Umfang der Datenerhebung und die weitere Verarbeitung und Nutzung der Daten durch AddThis entnehmen Sie bitte den Datenschutzhinweisen von AddThis: http:\/\/www.addthis.com\/privacy\/privacy-policy<\/p>\n\n\n\n<p>Wenn Sie der Datenerhebung durch AddThis f\u00fcr die Zukunft widersprechen m\u00f6chten, k\u00f6nnen Sie ein sogenanntes Opt-Out-Cookie setzen, das Sie unter folgendem Link herunterladen k\u00f6nnen: http:\/\/www.addthis.com\/privacy\/opt-out Sie k\u00f6nnen das Laden der AddThis Plugins auch mit Add-Ons f\u00fcr Ihren Browser komplett verhindern, z. B. mit dem Skript-Blocker \u201eNoScript\u201c (http:\/\/noscript.net\/).<\/p>\n\n\n\n<p><strong>Bewertungserinnerung durch Trusted Shops&nbsp;<\/strong><br>Sofern Sie uns hierzu w\u00e4hrend oder nach Ihrer Bestellung Ihre ausdr\u00fcckliche Einwilligung erteilt haben, indem Sie eine entsprechende Checkbox aktiviert oder einen hierf\u00fcr vorgesehenen Button (\u201eSp\u00e4ter bewerten\u201c) geklickt haben, \u00fcbermitteln wir Ihre E-Mail-Adresse f\u00fcr die Erinnerung zur Abgabe einer Bewertung Ihrer Bestellung an die Trusted Shops GmbH, Subbelrather Str. 15c, 50823 K\u00f6ln (www.trustedshops.de), damit diese Sie per E-Mail an die M\u00f6glichkeit zur Abgabe einer Bewertung erinnert. Diese Einwilligung kann jederzeit durch eine Nachricht an die unten beschriebene Kontaktm\u00f6glichkeit oder direkt gegen\u00fcber Trusted Shops widerrufen werden.<\/p>\n\n\n\n<p><strong>Auskunftsrecht und Kontaktm\u00f6glichkeit&nbsp;<\/strong><br>Sie haben ein Recht auf unentgeltliche Auskunft \u00fcber die bei uns zu Ihrer Person gespeicherten Daten sowie ggf. ein Recht auf Berichtigung, Sperrung oder L\u00f6schung dieser Daten. Bei Fragen zur Erhebung, Verarbeitung oder Nutzung Ihrer personenbezogenen Daten, bei Ausk\u00fcnften, Berichtigung, Sperrung oder L\u00f6schung von Daten sowie Widerruf erteilter Einwilligungen oder Widerspruch gegen eine bestimmte Datenverwendung wenden Sie sich bitte direkt an uns \u00fcber die Kontaktdaten in unserem Impressum.<\/p>\n","protected":false},"excerpt":{"rendered":"<p>Datenschutzerkl\u00e4rung Wir freuen uns \u00fcber Ihr Interesse an unserer Website. Der Schutz Ihrer Privatsph\u00e4re ist f\u00fcr uns sehr wichtig. Nachstehend informieren wir Sie ausf\u00fchrlich \u00fcber den Umgang mit Ihren Daten. Speicherung von Zugriffsdaten in Server-LogfilesSie k\u00f6nnen unsere Webseiten besuchen, ohne Angaben zu Ihrer Person zu machen. Wir speichern lediglich Zugriffsdaten in sogenannten Server-Logfiles, wie z.B. [&hellip;]<\/p>\n","protected":false},"author":1,"featured_media":0,"parent":0,"menu_order":0,"comment_status":"closed","ping_status":"closed","template":"","meta":{"_eb_attr":"","footnotes":""},"class_list":["post-3823","page","type-page","status-publish","hentry"],"aioseo_notices":[],"mb":[],"mfb_rest_fields":["title","aioseo_notices"],"_links":{"self":[{"href":"https:\/\/www.loitz.at\/motorrad\/wp-json\/wp\/v2\/pages\/3823","targetHints":{"allow":["GET"]}}],"collection":[{"href":"https:\/\/www.loitz.at\/motorrad\/wp-json\/wp\/v2\/pages"}],"about":[{"href":"https:\/\/www.loitz.at\/motorrad\/wp-json\/wp\/v2\/types\/page"}],"author":[{"embeddable":true,"href":"https:\/\/www.loitz.at\/motorrad\/wp-json\/wp\/v2\/users\/1"}],"replies":[{"embeddable":true,"href":"https:\/\/www.loitz.at\/motorrad\/wp-json\/wp\/v2\/comments?post=3823"}],"version-history":[{"count":8,"href":"https:\/\/www.loitz.at\/motorrad\/wp-json\/wp\/v2\/pages\/3823\/revisions"}],"predecessor-version":[{"id":77124,"href":"https:\/\/www.loitz.at\/motorrad\/wp-json\/wp\/v2\/pages\/3823\/revisions\/77124"}],"wp:attachment":[{"href":"https:\/\/www.loitz.at\/motorrad\/wp-json\/wp\/v2\/media?parent=3823"}],"curies":[{"name":"wp","href":"https:\/\/api.w.org\/{rel}","templated":true}]}}