{"id":77565,"date":"2024-01-29T08:25:24","date_gmt":"2024-01-29T07:25:24","guid":{"rendered":"https:\/\/www.loitz.at\/motorrad\/?page_id=77565"},"modified":"2024-12-18T11:10:53","modified_gmt":"2024-12-18T10:10:53","slug":"werkstatt","status":"publish","type":"page","link":"https:\/\/www.loitz.at\/motorrad\/werkstatt\/","title":{"rendered":"Werkstatt"},"content":{"rendered":"\n<div class=\"wp-block-cover alignfull is-light\" style=\"min-height:65vh;aspect-ratio:unset;\"><span aria-hidden=\"true\" class=\"wp-block-cover__background has-background-dim-10 has-background-dim\"><\/span><img loading=\"lazy\" decoding=\"async\" width=\"2560\" height=\"1707\" class=\"wp-block-cover__image-background wp-image-77569\" alt=\"\" src=\"https:\/\/www.loitz.at\/motorrad\/wp-content\/uploads\/sites\/3\/2024\/01\/DSC09215-scaled.jpg\" style=\"object-position:53% 66%\" data-object-fit=\"cover\" data-object-position=\"53% 66%\" srcset=\"https:\/\/www.loitz.at\/motorrad\/wp-content\/uploads\/sites\/3\/2024\/01\/DSC09215-scaled.jpg 2560w, https:\/\/www.loitz.at\/motorrad\/wp-content\/uploads\/sites\/3\/2024\/01\/DSC09215-300x200.jpg 300w, https:\/\/www.loitz.at\/motorrad\/wp-content\/uploads\/sites\/3\/2024\/01\/DSC09215-1024x683.jpg 1024w, https:\/\/www.loitz.at\/motorrad\/wp-content\/uploads\/sites\/3\/2024\/01\/DSC09215-768x512.jpg 768w, https:\/\/www.loitz.at\/motorrad\/wp-content\/uploads\/sites\/3\/2024\/01\/DSC09215-1536x1024.jpg 1536w, https:\/\/www.loitz.at\/motorrad\/wp-content\/uploads\/sites\/3\/2024\/01\/DSC09215-2048x1365.jpg 2048w\" sizes=\"auto, (max-width: 2560px) 100vw, 2560px\" \/><div class=\"wp-block-cover__inner-container is-layout-flow wp-block-cover-is-layout-flow\">\n<h1 class=\"wp-block-heading has-text-align-center\">H\u00f6chstleistung auf zwei R\u00e4dern:<\/h1>\n\n\n\n<p class=\"has-text-align-center has-large-font-size\">Entdecken Sie unsere erstklassige Motorradwerkstatt!<\/p>\n<\/div><\/div>\n\n\n\n<p>Unser herausragendes Team von Fachleuten bringt nicht nur jahrelange Erfahrung, sondern auch eine Leidenschaft f\u00fcr Motorr\u00e4der mit. Wir verstehen, dass Ihr Bike mehr ist als nur ein Fortbewegungsmittel &#8211; es ist Ihre Freiheit, Ihre Leidenschaft, Ihr Lebensstil.<\/p>\n\n\n\n<figure class=\"wp-block-gallery has-nested-images columns-default is-cropped wp-block-gallery-1 is-layout-flex wp-block-gallery-is-layout-flex\">\n<figure class=\"wp-block-image size-large\"><img loading=\"lazy\" decoding=\"async\" width=\"1024\" height=\"683\" data-id=\"77602\" src=\"https:\/\/www.loitz.at\/motorrad\/wp-content\/uploads\/sites\/3\/2024\/01\/DSC09195-1-1-1024x683.jpg\" alt=\"\" class=\"wp-image-77602\" srcset=\"https:\/\/www.loitz.at\/motorrad\/wp-content\/uploads\/sites\/3\/2024\/01\/DSC09195-1-1-1024x683.jpg 1024w, https:\/\/www.loitz.at\/motorrad\/wp-content\/uploads\/sites\/3\/2024\/01\/DSC09195-1-1-300x200.jpg 300w, https:\/\/www.loitz.at\/motorrad\/wp-content\/uploads\/sites\/3\/2024\/01\/DSC09195-1-1-768x512.jpg 768w, https:\/\/www.loitz.at\/motorrad\/wp-content\/uploads\/sites\/3\/2024\/01\/DSC09195-1-1-1536x1024.jpg 1536w, https:\/\/www.loitz.at\/motorrad\/wp-content\/uploads\/sites\/3\/2024\/01\/DSC09195-1-1-2048x1365.jpg 2048w\" sizes=\"auto, (max-width: 1024px) 100vw, 1024px\" \/><\/figure>\n\n\n\n<figure class=\"wp-block-image size-large\"><img loading=\"lazy\" decoding=\"async\" width=\"1024\" height=\"683\" data-id=\"77604\" src=\"https:\/\/www.loitz.at\/motorrad\/wp-content\/uploads\/sites\/3\/2024\/01\/DSC09199-1-1024x683.jpg\" alt=\"\" class=\"wp-image-77604\" srcset=\"https:\/\/www.loitz.at\/motorrad\/wp-content\/uploads\/sites\/3\/2024\/01\/DSC09199-1-1024x683.jpg 1024w, https:\/\/www.loitz.at\/motorrad\/wp-content\/uploads\/sites\/3\/2024\/01\/DSC09199-1-300x200.jpg 300w, https:\/\/www.loitz.at\/motorrad\/wp-content\/uploads\/sites\/3\/2024\/01\/DSC09199-1-768x512.jpg 768w, https:\/\/www.loitz.at\/motorrad\/wp-content\/uploads\/sites\/3\/2024\/01\/DSC09199-1-1536x1024.jpg 1536w, https:\/\/www.loitz.at\/motorrad\/wp-content\/uploads\/sites\/3\/2024\/01\/DSC09199-1-2048x1365.jpg 2048w\" sizes=\"auto, (max-width: 1024px) 100vw, 1024px\" \/><\/figure>\n\n\n\n<figure class=\"wp-block-image size-full\"><img loading=\"lazy\" decoding=\"async\" width=\"602\" height=\"803\" data-id=\"78488\" src=\"https:\/\/www.loitz.at\/motorrad\/wp-content\/uploads\/sites\/3\/2024\/12\/Werkstatt.png\" alt=\"\" class=\"wp-image-78488\" srcset=\"https:\/\/www.loitz.at\/motorrad\/wp-content\/uploads\/sites\/3\/2024\/12\/Werkstatt.png 602w, https:\/\/www.loitz.at\/motorrad\/wp-content\/uploads\/sites\/3\/2024\/12\/Werkstatt-225x300.png 225w\" sizes=\"auto, (max-width: 602px) 100vw, 602px\" \/><\/figure>\n<\/figure>\n\n\n\n<p>Unsere Werkstatt zeichnet sich nicht nur durch hochqualifizierte Mitarbeiter aus, sondern auch durch unsere Hingabe zu sauberer Arbeit. Bei jedem Handgriff setzen wir auf Pr\u00e4zision und Sorgfalt, um sicherzustellen, dass Ihr Motorrad nicht nur reibungslos l\u00e4uft, sondern auch in makellosem Zustand erstrahlt. Die gro\u00dfe Erfahrung unseres Teams erm\u00f6glicht es uns, eine breite Palette von Dienstleistungen anzubieten, von der routinem\u00e4\u00dfigen Inspektion bis hin zum anspruchsvollen Tuning. Wir kennen die Besonderheiten verschiedenster Motorradmodelle und k\u00fcmmern uns individuell um jedes Detail. Motorrad Zweirad Loitz steht nicht nur f\u00fcr erstklassige Reparaturen und Wartungen, sondern auch f\u00fcr eine pers\u00f6nliche Beratung. Unser Ziel ist es, sicherzustellen, dass Sie sich bei uns gut aufgehoben f\u00fchlen und Ihr Motorrad stets in den besten H\u00e4nden ist.<\/p>\n\n\n\n<p>Vertrauen Sie auf unsere Kompetenz, wenn es um die Pflege Ihres Motorrads geht. Entdecken Sie die Qualit\u00e4t und Pr\u00e4zision, die nur Motorrad Zweirad Loitz bieten kann. <\/p>\n\n\n\n<div class=\"wp-block-essential-blocks-slider\"><div class=\"eb-parent-wrapper eb-parent-eb-slider-2iw8c15 \"><div class=\"eb-slider-wrapper eb-slider-2iw8c15\" data-settings=\"{&quot;arrows&quot;:true,&quot;adaptiveHeight&quot;:false,&quot;autoplay&quot;:true,&quot;autoplaySpeed&quot;:3000,&quot;dots&quot;:true,&quot;fade&quot;:false,&quot;infinite&quot;:true,&quot;pauseOnHover&quot;:true,&quot;slidesToShow&quot;:1,&quot;speed&quot;:500,&quot;vertical&quot;:false,&quot;currentSlide&quot;:0,&quot;rtl&quot;:false,&quot;responsive&quot;:[{&quot;breakpoint&quot;:1025,&quot;settings&quot;:{&quot;slidesToShow&quot;:1}},{&quot;breakpoint&quot;:767,&quot;settings&quot;:{&quot;slidesToShow&quot;:1}}]}\" data-images=\"[{&quot;url&quot;:&quot;https:\/\/www.loitz.at\/motorrad\/wp-content\/uploads\/sites\/3\/2024\/01\/DSC09195-scaled.jpg&quot;,&quot;alt&quot;:&quot;&quot;,&quot;id&quot;:0,&quot;imageId&quot;:77573,&quot;caption&quot;:&quot;&quot;,&quot;title&quot;:&quot;Slider 2&quot;,&quot;subtitle&quot;:&quot;Essential Blocks Slider Subtitle&quot;,&quot;showButton&quot;:true,&quot;buttonText&quot;:&quot;See More&quot;,&quot;buttonUrl&quot;:&quot;&quot;,&quot;openNewTab&quot;:false,&quot;isValidUrl&quot;:true,&quot;showSecondButton&quot;:false,&quot;secondButtonText&quot;:&quot;See More&quot;,&quot;secondButtonUrl&quot;:&quot;&quot;,&quot;secondButtonOpenNewTab&quot;:false},{&quot;url&quot;:&quot;https:\/\/www.loitz.at\/motorrad\/wp-content\/uploads\/sites\/3\/2024\/01\/DSC09188-scaled.jpg&quot;,&quot;alt&quot;:&quot;&quot;,&quot;id&quot;:1,&quot;imageId&quot;:77574,&quot;caption&quot;:&quot;&quot;,&quot;title&quot;:&quot;Slider 3&quot;,&quot;subtitle&quot;:&quot;Essential Blocks Slider Subtitle&quot;,&quot;showButton&quot;:true,&quot;buttonText&quot;:&quot;See More&quot;,&quot;buttonUrl&quot;:&quot;&quot;,&quot;openNewTab&quot;:false,&quot;isValidUrl&quot;:true,&quot;showSecondButton&quot;:false,&quot;secondButtonText&quot;:&quot;See More&quot;,&quot;secondButtonUrl&quot;:&quot;&quot;,&quot;secondButtonOpenNewTab&quot;:false},{&quot;url&quot;:&quot;https:\/\/www.loitz.at\/motorrad\/wp-content\/uploads\/sites\/3\/2024\/01\/DSC09181-scaled.jpg&quot;,&quot;alt&quot;:&quot;&quot;,&quot;id&quot;:2,&quot;imageId&quot;:77577,&quot;caption&quot;:&quot;&quot;,&quot;title&quot;:&quot;Slider 6&quot;,&quot;subtitle&quot;:&quot;Essential Blocks Slider Subtitle&quot;,&quot;showButton&quot;:true,&quot;buttonText&quot;:&quot;See More&quot;,&quot;buttonUrl&quot;:&quot;&quot;,&quot;openNewTab&quot;:false,&quot;isValidUrl&quot;:true,&quot;showSecondButton&quot;:false,&quot;secondButtonText&quot;:&quot;See More&quot;,&quot;secondButtonUrl&quot;:&quot;&quot;,&quot;secondButtonOpenNewTab&quot;:false},{&quot;url&quot;:&quot;https:\/\/www.loitz.at\/motorrad\/wp-content\/uploads\/sites\/3\/2024\/01\/DSC09171-scaled.jpg&quot;,&quot;alt&quot;:&quot;&quot;,&quot;id&quot;:3,&quot;imageId&quot;:77578,&quot;caption&quot;:&quot;&quot;,&quot;title&quot;:&quot;Slider 7&quot;,&quot;subtitle&quot;:&quot;Essential Blocks Slider Subtitle&quot;,&quot;showButton&quot;:true,&quot;buttonText&quot;:&quot;See More&quot;,&quot;buttonUrl&quot;:&quot;&quot;,&quot;openNewTab&quot;:false,&quot;isValidUrl&quot;:true,&quot;showSecondButton&quot;:false,&quot;secondButtonText&quot;:&quot;See More&quot;,&quot;secondButtonUrl&quot;:&quot;&quot;,&quot;secondButtonOpenNewTab&quot;:false},{&quot;url&quot;:&quot;https:\/\/www.loitz.at\/motorrad\/wp-content\/uploads\/sites\/3\/2024\/01\/DSC09215-1-scaled.jpg&quot;,&quot;alt&quot;:&quot;&quot;,&quot;id&quot;:4,&quot;imageId&quot;:77579,&quot;caption&quot;:&quot;&quot;,&quot;title&quot;:&quot;Slider 8&quot;,&quot;subtitle&quot;:&quot;Essential Blocks Slider Subtitle&quot;,&quot;showButton&quot;:true,&quot;buttonText&quot;:&quot;See More&quot;,&quot;buttonUrl&quot;:&quot;&quot;,&quot;openNewTab&quot;:false,&quot;isValidUrl&quot;:true,&quot;showSecondButton&quot;:false,&quot;secondButtonText&quot;:&quot;See More&quot;,&quot;secondButtonUrl&quot;:&quot;&quot;,&quot;secondButtonOpenNewTab&quot;:false}]\" data-slidercontenttype=\"content-1\" data-slidertype=\"image\" data-textalign=\"left\" data-arrownexticon=\"fas fa-arrow-alt-circle-right\" data-arrowprevicon=\"fas fa-arrow-alt-circle-left\"><div class=\"image\"><div class=\"eb-slider-item content-1\"><img decoding=\"async\" class=\"eb-slider-image\" src=\"https:\/\/www.loitz.at\/motorrad\/wp-content\/uploads\/sites\/3\/2024\/01\/DSC09195-scaled.jpg\" \/><\/div><div class=\"eb-slider-item content-1\"><img decoding=\"async\" class=\"eb-slider-image\" src=\"https:\/\/www.loitz.at\/motorrad\/wp-content\/uploads\/sites\/3\/2024\/01\/DSC09188-scaled.jpg\" \/><\/div><div class=\"eb-slider-item content-1\"><img decoding=\"async\" class=\"eb-slider-image\" src=\"https:\/\/www.loitz.at\/motorrad\/wp-content\/uploads\/sites\/3\/2024\/01\/DSC09181-scaled.jpg\" \/><\/div><div class=\"eb-slider-item content-1\"><img decoding=\"async\" class=\"eb-slider-image\" src=\"https:\/\/www.loitz.at\/motorrad\/wp-content\/uploads\/sites\/3\/2024\/01\/DSC09171-scaled.jpg\" \/><\/div><div class=\"eb-slider-item content-1\"><img decoding=\"async\" class=\"eb-slider-image\" src=\"https:\/\/www.loitz.at\/motorrad\/wp-content\/uploads\/sites\/3\/2024\/01\/DSC09215-1-scaled.jpg\" \/><\/div><\/div><\/div><\/div><\/div>\n","protected":false},"excerpt":{"rendered":"<p>Unser herausragendes Team von Fachleuten bringt nicht nur jahrelange Erfahrung, sondern auch eine Leidenschaft f\u00fcr Motorr\u00e4der mit. Wir verstehen, dass Ihr Bike mehr ist als nur ein Fortbewegungsmittel &#8211; es ist Ihre Freiheit, Ihre Leidenschaft, Ihr Lebensstil. Unsere Werkstatt zeichnet sich nicht nur durch hochqualifizierte Mitarbeiter aus, sondern auch durch unsere Hingabe zu sauberer Arbeit. [&hellip;]<\/p>\n","protected":false},"author":5,"featured_media":0,"parent":0,"menu_order":0,"comment_status":"closed","ping_status":"closed","template":"","meta":{"_eb_attr":"","footnotes":""},"class_list":["post-77565","page","type-page","status-publish","hentry"],"aioseo_notices":[],"mb":[],"mfb_rest_fields":["title","aioseo_notices"],"_links":{"self":[{"href":"https:\/\/www.loitz.at\/motorrad\/wp-json\/wp\/v2\/pages\/77565","targetHints":{"allow":["GET"]}}],"collection":[{"href":"https:\/\/www.loitz.at\/motorrad\/wp-json\/wp\/v2\/pages"}],"about":[{"href":"https:\/\/www.loitz.at\/motorrad\/wp-json\/wp\/v2\/types\/page"}],"author":[{"embeddable":true,"href":"https:\/\/www.loitz.at\/motorrad\/wp-json\/wp\/v2\/users\/5"}],"replies":[{"embeddable":true,"href":"https:\/\/www.loitz.at\/motorrad\/wp-json\/wp\/v2\/comments?post=77565"}],"version-history":[{"count":6,"href":"https:\/\/www.loitz.at\/motorrad\/wp-json\/wp\/v2\/pages\/77565\/revisions"}],"predecessor-version":[{"id":79913,"href":"https:\/\/www.loitz.at\/motorrad\/wp-json\/wp\/v2\/pages\/77565\/revisions\/79913"}],"wp:attachment":[{"href":"https:\/\/www.loitz.at\/motorrad\/wp-json\/wp\/v2\/media?parent=77565"}],"curies":[{"name":"wp","href":"https:\/\/api.w.org\/{rel}","templated":true}]}}